{"id":49,"date":"2025-02-03T20:44:25","date_gmt":"2025-02-03T19:44:25","guid":{"rendered":"https:\/\/july-studio.com\/?page_id=49"},"modified":"2025-11-24T22:48:06","modified_gmt":"2025-11-24T21:48:06","slug":"work","status":"publish","type":"page","link":"https:\/\/july-studio.com\/index.php\/work\/","title":{"rendered":"work"},"content":{"rendered":"<div class=\"wpb-content-wrapper\"><p>[vc_row unlock_row_content=&#8221;yes&#8221; row_height_percent=&#8221;0&#8243; override_padding=&#8221;yes&#8221; h_padding=&#8221;0&#8243; top_padding=&#8221;0&#8243; bottom_padding=&#8221;0&#8243; back_color=&#8221;color-jevc&#8221; overlay_alpha=&#8221;50&#8243; gutter_size=&#8221;3&#8243; column_width_percent=&#8221;100&#8243; shift_y=&#8221;0&#8243; z_index=&#8221;0&#8243; content_parallax=&#8221;0&#8243; uncode_shortcode_id=&#8221;118556&#8243; back_color_type=&#8221;uncode-palette&#8221;][vc_column column_width_percent=&#8221;100&#8243; position_vertical=&#8221;middle&#8221; align_horizontal=&#8221;align_center&#8221; gutter_size=&#8221;3&#8243; overlay_alpha=&#8221;50&#8243; shift_x=&#8221;0&#8243; shift_y=&#8221;0&#8243; shift_y_down=&#8221;0&#8243; z_index=&#8221;0&#8243; medium_width=&#8221;0&#8243; mobile_width=&#8221;0&#8243; width=&#8221;1\/2&#8243; uncode_shortcode_id=&#8221;100338&#8243;][vc_single_image media=&#8221;472&#8243; media_width_percent=&#8221;90&#8243; alignment=&#8221;center&#8221; uncode_shortcode_id=&#8221;211783&#8243;][\/vc_column][vc_column column_width_percent=&#8221;100&#8243; position_vertical=&#8221;middle&#8221; align_horizontal=&#8221;align_center&#8221; gutter_size=&#8221;3&#8243; overlay_alpha=&#8221;50&#8243; shift_x=&#8221;0&#8243; shift_y=&#8221;0&#8243; shift_y_down=&#8221;0&#8243; z_index=&#8221;0&#8243; medium_width=&#8221;0&#8243; mobile_width=&#8221;0&#8243; width=&#8221;1\/2&#8243; uncode_shortcode_id=&#8221;146601&#8243;][vc_column_text uncode_shortcode_id=&#8221;193553&#8243; text_color_type=&#8221;uncode-solid&#8221; text_color_solid=&#8221;#ffffff&#8221; el_class=&#8221;white-text&#8221;]<\/p>\n<h1 style=\"text-align: center;\">Collab<br \/>\nJuly x STUDIO Meg\u00e8ve<\/h1>\n<p style=\"text-align: center;\">by Patricia Faure Photography<\/p>\n<p>&nbsp;<\/p>\n<p>[\/vc_column_text][vc_button button_color=&#8221;color-xsdn&#8221; size=&#8221;btn-sm&#8221; border_width=&#8221;0&#8243; link=&#8221;url:https%3A%2F%2Fwww.instagram.com%2Fstudiobypatriciafaure%2F&#8221; button_color_type=&#8221;uncode-palette&#8221; uncode_shortcode_id=&#8221;455718&#8243; el_class=&#8221;btn-white&#8221;]DISCOVER STUDIO MEGEVE[\/vc_button][vc_empty_space empty_h=&#8221;2&#8243;][\/vc_column][\/vc_row][vc_row][vc_column width=&#8221;1\/1&#8243;][vc_column_text uncode_shortcode_id=&#8221;184869&#8243;]<\/p>\n<p style=\"text-align: left;\"><strong>Une s\u00e9rie d\u2019illustrations au regard acide sur le luxe alpin : silhouettes, d\u00e9sir et humour en filigrane. Une signature minimaliste noir-blanc-rouge, pens\u00e9e en collaboration avec STUDIO Meg\u00e8ve by Patricia Faure Photography.<\/strong><\/p>\n<p style=\"text-align: left;\">A series of illustrations with an acid take on alpine luxury : silhouettes, desire and discreet humour woven throughout. A minimalist black-white-red signature, created in collaboration with STUDIO Meg\u00e8ve by Patricia Faure Photography..<\/p>\n<p>Num\u00e9rot\u00e9es et limit\u00e9es \u00e0 20 exemplaires \/ Tirage Fine Art sur papier Hahnemuehle<\/p>\n<p style=\"text-align: left;\">Uniquement en vente chez STUDIO Meg\u00e8ve &#8211; 85 rue d&#8217;Arly &#8211; Meg\u00e8ve<\/p>\n<p>[\/vc_column_text][\/vc_column][\/vc_row][vc_row][vc_column width=&#8221;1\/4&#8243;][vc_single_image media=&#8221;484&#8243; media_width_percent=&#8221;100&#8243; uncode_shortcode_id=&#8221;192245&#8243;][\/vc_column][vc_column width=&#8221;1\/4&#8243;][vc_single_image media=&#8221;485&#8243; media_width_percent=&#8221;100&#8243; uncode_shortcode_id=&#8221;517723&#8243;][\/vc_column][vc_column width=&#8221;1\/4&#8243;][vc_single_image media=&#8221;486&#8243; media_width_percent=&#8221;100&#8243; uncode_shortcode_id=&#8221;728470&#8243;][\/vc_column][vc_column width=&#8221;1\/4&#8243;][vc_single_image media=&#8221;487&#8243; media_width_percent=&#8221;100&#8243; uncode_shortcode_id=&#8221;693104&#8243;][\/vc_column][\/vc_row][vc_row][vc_column width=&#8221;1\/4&#8243;][vc_single_image media=&#8221;489&#8243; media_width_percent=&#8221;100&#8243; uncode_shortcode_id=&#8221;531749&#8243;][\/vc_column][vc_column width=&#8221;1\/4&#8243;][vc_single_image media=&#8221;562&#8243; media_width_percent=&#8221;100&#8243; uncode_shortcode_id=&#8221;112932&#8243;][\/vc_column][vc_column width=&#8221;1\/4&#8243;][vc_single_image media=&#8221;564&#8243; media_width_percent=&#8221;100&#8243; uncode_shortcode_id=&#8221;463980&#8243;][\/vc_column][vc_column width=&#8221;1\/4&#8243;][vc_single_image media=&#8221;492&#8243; media_width_percent=&#8221;100&#8243; uncode_shortcode_id=&#8221;694140&#8243;][\/vc_column][\/vc_row]<\/p>\n<\/div>","protected":false},"excerpt":{"rendered":"<p>[vc_row unlock_row_content=&#8221;yes&#8221; row_height_percent=&#8221;0&#8243; override_padding=&#8221;yes&#8221; h_padding=&#8221;0&#8243; top_padding=&#8221;0&#8243; bottom_padding=&#8221;0&#8243; back_color=&#8221;color-jevc&#8221; overlay_alpha=&#8221;50&#8243; gutter_size=&#8221;3&#8243; column_width_percent=&#8221;100&#8243; shift_y=&#8221;0&#8243; z_index=&#8221;0&#8243; content_parallax=&#8221;0&#8243; uncode_shortcode_id=&#8221;118556&#8243; back_color_type=&#8221;uncode-palette&#8221;][vc_column column_width_percent=&#8221;100&#8243; position_vertical=&#8221;middle&#8221; align_horizontal=&#8221;align_center&#8221; gutter_size=&#8221;3&#8243; [&hellip;]<\/p>\n","protected":false},"author":1,"featured_media":0,"parent":0,"menu_order":0,"comment_status":"closed","ping_status":"closed","template":"","meta":{"footnotes":""},"class_list":["post-49","page","type-page","status-publish","hentry"],"_links":{"self":[{"href":"https:\/\/july-studio.com\/index.php\/wp-json\/wp\/v2\/pages\/49","targetHints":{"allow":["GET"]}}],"collection":[{"href":"https:\/\/july-studio.com\/index.php\/wp-json\/wp\/v2\/pages"}],"about":[{"href":"https:\/\/july-studio.com\/index.php\/wp-json\/wp\/v2\/types\/page"}],"author":[{"embeddable":true,"href":"https:\/\/july-studio.com\/index.php\/wp-json\/wp\/v2\/users\/1"}],"replies":[{"embeddable":true,"href":"https:\/\/july-studio.com\/index.php\/wp-json\/wp\/v2\/comments?post=49"}],"version-history":[{"count":95,"href":"https:\/\/july-studio.com\/index.php\/wp-json\/wp\/v2\/pages\/49\/revisions"}],"predecessor-version":[{"id":553,"href":"https:\/\/july-studio.com\/index.php\/wp-json\/wp\/v2\/pages\/49\/revisions\/553"}],"wp:attachment":[{"href":"https:\/\/july-studio.com\/index.php\/wp-json\/wp\/v2\/media?parent=49"}],"curies":[{"name":"wp","href":"https:\/\/api.w.org\/{rel}","templated":true}]}}